{"id":8787,"date":"2022-09-06T11:49:32","date_gmt":"2022-09-06T11:49:32","guid":{"rendered":"https:\/\/severatech.com\/cookie-policy\/"},"modified":"2026-02-23T19:25:21","modified_gmt":"2026-02-23T19:25:21","slug":"cerez-politikasi","status":"publish","type":"page","link":"https:\/\/severatech.com\/en\/cerez-politikasi\/","title":{"rendered":"Cookie Policy"},"content":{"rendered":"\t\t<div data-elementor-type=\"wp-page\" data-elementor-id=\"8787\" class=\"elementor elementor-8787\" data-elementor-post-type=\"page\">\n\t\t\t\t<div class=\"elementor-element elementor-element-ce58485 e-flex e-con-boxed e-con e-parent\" data-id=\"ce58485\" data-element_type=\"container\">\n\t\t\t\t\t<div class=\"e-con-inner\">\n\t\t\t\t<div class=\"elementor-element elementor-element-4e39789 elementor-widget elementor-widget-text-editor\" data-id=\"4e39789\" data-element_type=\"widget\" data-widget_type=\"text-editor.default\">\n\t\t\t\t\t\t\t\t\t<h2><p data-start=\"0\" data-end=\"31\" style=\"color: rgb(0, 0, 0); font-size: medium;\"><strong data-start=\"0\" data-end=\"29\">\u00c7EREZ (COOKIE) POL\u0130T\u0130KASI<\/strong><\/p><p data-start=\"33\" data-end=\"65\" style=\"color: rgb(0, 0, 0); font-size: medium;\"><strong data-start=\"33\" data-end=\"52\">Son G\u00fcncelleme:<\/strong> 23.02.2026<\/p><p data-start=\"67\" data-end=\"346\" style=\"color: rgb(0, 0, 0); font-size: medium;\"><strong data-start=\"67\" data-end=\"117\">Severa Bask\u0131 Teknolojileri San. Tic. Ltd. \u015eti.<\/strong> (bundan sonra \u201c\u015eirket\u201d olarak an\u0131lacakt\u0131r), <a data-start=\"162\" data-end=\"180\" rel=\"noopener\" target=\"_new\" class=\"decorated-link\" href=\"http:\/\/www.severatech.com\">www.severatech.com<span aria-hidden=\"true\" class=\"ms-0.5 inline-block align-middle leading-none\"><svg xmlns=\"http:\/\/www.w3.org\/2000\/svg\" width=\"20\" height=\"20\" aria-hidden=\"true\" data-rtl-flip=\"\" class=\"block h-[0.75em] w-[0.75em] stroke-current stroke-[0.75]\"><use href=\"\/cdn\/assets\/sprites-core-jxe2m7va.svg#304883\" fill=\"currentColor\"><\/use><\/svg><\/span><\/a> web sitesini ziyaret eden kullan\u0131c\u0131lar\u0131n deneyimini geli\u015ftirmek, web sitesinin g\u00fcvenli\u011fini sa\u011flamak ve performans\u0131n\u0131 analiz etmek amac\u0131yla \u00e7erezler kullanmaktad\u0131r.<\/p><p data-start=\"348\" data-end=\"496\" style=\"color: rgb(0, 0, 0); font-size: medium;\">Bu \u00c7erez Politikas\u0131; kullan\u0131lan \u00e7erez t\u00fcrlerini, kullan\u0131m ama\u00e7lar\u0131n\u0131 ve tercihlerinizi nas\u0131l y\u00f6netebilece\u011finizi a\u00e7\u0131klamak amac\u0131yla haz\u0131rlanm\u0131\u015ft\u0131r.<\/p><hr data-start=\"498\" data-end=\"501\" style=\"font-size: medium;\"><\/h2><h3 data-start=\"503\" data-end=\"524\" style=\"color: rgb(0, 0, 0); font-style: normal; font-variant-ligatures: normal; font-variant-caps: normal; letter-spacing: normal; text-transform: none; word-spacing: 0px; text-decoration-thickness: initial; text-decoration-style: initial; text-decoration-color: initial;\">1. \u00c7erez Nedir?<\/h3><h2><p data-start=\"525\" data-end=\"780\" style=\"color: rgb(0, 0, 0); font-size: medium;\">\u00c7erezler, web siteleri taraf\u0131ndan taray\u0131c\u0131n\u0131z arac\u0131l\u0131\u011f\u0131yla cihaz\u0131n\u0131za kaydedilen k\u00fc\u00e7\u00fck veri dosyalar\u0131d\u0131r. Bu dosyalar, web sitesinin daha verimli \u00e7al\u0131\u015fmas\u0131n\u0131 sa\u011flamak, kullan\u0131c\u0131 tercihlerini hat\u0131rlamak ve site performans\u0131n\u0131 analiz etmek i\u00e7in kullan\u0131l\u0131r.<\/p><hr data-start=\"782\" data-end=\"785\" style=\"font-size: medium;\"><\/h2><h3 data-start=\"787\" data-end=\"829\" style=\"color: rgb(0, 0, 0); font-style: normal; font-variant-ligatures: normal; font-variant-caps: normal; letter-spacing: normal; text-transform: none; word-spacing: 0px; text-decoration-thickness: initial; text-decoration-style: initial; text-decoration-color: initial;\">2. Hangi T\u00fcr \u00c7erezleri Kullan\u0131yoruz?<\/h3><h2><p data-start=\"831\" data-end=\"970\" style=\"color: rgb(0, 0, 0); font-size: medium;\"><strong data-start=\"831\" data-end=\"851\">Zorunlu \u00c7erezler<\/strong><br data-start=\"851\" data-end=\"854\">Web sitesinin temel fonksiyonlar\u0131n\u0131n \u00e7al\u0131\u015fmas\u0131 i\u00e7in gereklidir. Bu \u00e7erezler olmadan site d\u00fczg\u00fcn \u015fekilde \u00e7al\u0131\u015famaz.<\/p><p data-start=\"972\" data-end=\"1183\" style=\"color: rgb(0, 0, 0); font-size: medium;\"><strong data-start=\"972\" data-end=\"1007\">Performans ve Analitik \u00c7erezler<\/strong><br data-start=\"1007\" data-end=\"1010\">Ziyaret\u00e7ilerin siteyi nas\u0131l kulland\u0131\u011f\u0131n\u0131 anlamak, sayfa performans\u0131n\u0131 \u00f6l\u00e7mek ve kullan\u0131c\u0131 deneyimini geli\u015ftirmek i\u00e7in kullan\u0131l\u0131r. Bu veriler anonim olarak de\u011ferlendirilir.<\/p><p data-start=\"1185\" data-end=\"1381\" style=\"color: rgb(0, 0, 0); font-size: medium;\"><strong data-start=\"1185\" data-end=\"1209\">Fonksiyonel \u00c7erezler<\/strong><br data-start=\"1209\" data-end=\"1212\">Kullan\u0131c\u0131 tercihlerini hat\u0131rlamak ve site kullan\u0131m\u0131n\u0131 kolayla\u015ft\u0131rmak amac\u0131yla kullan\u0131l\u0131r. \u00d6rne\u011fin dil veya form bilgileri gibi ayarlar bu kapsamda de\u011ferlendirilebilir.<\/p><p data-start=\"1383\" data-end=\"1561\" style=\"color: rgb(0, 0, 0); font-size: medium;\"><strong data-start=\"1383\" data-end=\"1419\">Pazarlama ve Hedefleme \u00c7erezleri<\/strong><br data-start=\"1419\" data-end=\"1422\">Kullan\u0131c\u0131ya daha ilgili i\u00e7erik ve reklam g\u00f6sterilmesine yard\u0131mc\u0131 olur. Bu \u00e7erezler yaln\u0131zca a\u00e7\u0131k r\u0131za verilmesi durumunda kullan\u0131labilir.<\/p><hr data-start=\"1563\" data-end=\"1566\" style=\"font-size: medium;\"><\/h2><h3 data-start=\"1568\" data-end=\"1605\" style=\"color: rgb(0, 0, 0); font-style: normal; font-variant-ligatures: normal; font-variant-caps: normal; letter-spacing: normal; text-transform: none; word-spacing: 0px; text-decoration-thickness: initial; text-decoration-style: initial; text-decoration-color: initial;\">3. \u00c7erezlerin Kullan\u0131m Ama\u00e7lar\u0131<\/h3><h2><p data-start=\"1606\" data-end=\"1652\" style=\"color: rgb(0, 0, 0); font-size: medium;\">\u00c7erezler a\u015fa\u011f\u0131daki ama\u00e7larla kullan\u0131labilir:<\/p><ul data-start=\"1653\" data-end=\"1873\" style=\"color: rgb(0, 0, 0); font-size: medium;\"><li data-start=\"1653\" data-end=\"1714\"><p data-start=\"1655\" data-end=\"1714\">Web sitesinin g\u00fcvenli ve kesintisiz \u00e7al\u0131\u015fmas\u0131n\u0131 sa\u011flamak,<\/p><\/li><li data-start=\"1715\" data-end=\"1753\"><p data-start=\"1717\" data-end=\"1753\">Kullan\u0131c\u0131 deneyimini iyile\u015ftirmek,<\/p><\/li><li data-start=\"1754\" data-end=\"1790\"><p data-start=\"1756\" data-end=\"1790\">Site performans\u0131n\u0131 analiz etmek,<\/p><\/li><li data-start=\"1791\" data-end=\"1822\"><p data-start=\"1793\" data-end=\"1822\">Hizmetlerimizi geli\u015ftirmek,<\/p><\/li><li data-start=\"1823\" data-end=\"1873\"><p data-start=\"1825\" data-end=\"1873\">\u0130leti\u015fim ve pazarlama s\u00fcre\u00e7lerini desteklemek.<\/p><\/li><\/ul><hr data-start=\"1875\" data-end=\"1878\" style=\"font-size: medium;\"><\/h2><h3 data-start=\"1880\" data-end=\"1933\" style=\"color: rgb(0, 0, 0); font-style: normal; font-variant-ligatures: normal; font-variant-caps: normal; letter-spacing: normal; text-transform: none; word-spacing: 0px; text-decoration-thickness: initial; text-decoration-style: initial; text-decoration-color: initial;\">4. \u00c7erez Tercihlerinizi Nas\u0131l Y\u00f6netebilirsiniz?<\/h3><h2><p data-start=\"1934\" data-end=\"2211\" style=\"color: rgb(0, 0, 0); font-size: medium;\">Taray\u0131c\u0131 ayarlar\u0131n\u0131z\u0131 de\u011fi\u015ftirerek \u00e7erezleri kabul etmeyi reddedebilir veya mevcut \u00e7erezleri silebilirsiniz. \u00c7erez tercihlerinizi diledi\u011finiz zaman g\u00fcncelleyebilirsiniz. Ancak baz\u0131 \u00e7erezlerin devre d\u0131\u015f\u0131 b\u0131rak\u0131lmas\u0131 durumunda web sitesinin baz\u0131 b\u00f6l\u00fcmleri do\u011fru \u00e7al\u0131\u015fmayabilir.<\/p><hr data-start=\"2213\" data-end=\"2216\" style=\"font-size: medium;\"><\/h2><h3 data-start=\"2218\" data-end=\"2248\" style=\"color: rgb(0, 0, 0); font-style: normal; font-variant-ligatures: normal; font-variant-caps: normal; letter-spacing: normal; text-transform: none; word-spacing: 0px; text-decoration-thickness: initial; text-decoration-style: initial; text-decoration-color: initial;\">5. \u00dc\u00e7\u00fcnc\u00fc Taraf \u00c7erezler<\/h3><h2><p data-start=\"2249\" data-end=\"2482\" style=\"color: rgb(0, 0, 0); font-size: medium;\">Web sitemizde analiz ve performans \u00f6l\u00e7\u00fcm\u00fc amac\u0131yla \u00fc\u00e7\u00fcnc\u00fc taraf hizmet sa\u011flay\u0131c\u0131lar\u0131n \u00e7erezleri kullan\u0131labilir. Bu hizmet sa\u011flay\u0131c\u0131lar, yaln\u0131zca ilgili mevzuat kapsam\u0131nda ve gerekli g\u00fcvenlik \u00f6nlemleri \u00e7er\u00e7evesinde veri i\u015fleyebilir.<\/p><hr data-start=\"2484\" data-end=\"2487\" style=\"font-size: medium;\"><\/h2><h3 data-start=\"2489\" data-end=\"2521\" style=\"color: rgb(0, 0, 0); font-style: normal; font-variant-ligatures: normal; font-variant-caps: normal; letter-spacing: normal; text-transform: none; word-spacing: 0px; text-decoration-thickness: initial; text-decoration-style: initial; text-decoration-color: initial;\">6. Politika G\u00fcncellemeleri<\/h3><h2><p data-start=\"2522\" data-end=\"2684\" style=\"color: rgb(0, 0, 0); font-size: medium;\">Bu \u00c7erez Politikas\u0131, yasal gereklilikler veya hizmetlerimizdeki de\u011fi\u015fiklikler do\u011frultusunda g\u00fcncellenebilir. G\u00fcncel versiyon her zaman web sitemizde yay\u0131mlan\u0131r.<\/p><hr data-start=\"2686\" data-end=\"2689\" style=\"font-size: medium;\"><\/h2><h3 data-start=\"2691\" data-end=\"2708\" style=\"color: rgb(0, 0, 0); font-style: normal; font-variant-ligatures: normal; font-variant-caps: normal; letter-spacing: normal; text-transform: none; word-spacing: 0px; text-decoration-thickness: initial; text-decoration-style: initial; text-decoration-color: initial;\">7. \u0130leti\u015fim<\/h3><h2><p data-start=\"2709\" data-end=\"2788\" style=\"color: rgb(0, 0, 0); font-size: medium;\">\u00c7erez politikam\u0131z hakk\u0131nda sorular\u0131n\u0131z i\u00e7in bizimle ileti\u015fime ge\u00e7ebilirsiniz:<\/p><ul data-start=\"2790\" data-end=\"3016\" style=\"color: rgb(0, 0, 0); font-size: medium;\"><li data-start=\"2790\" data-end=\"2859\"><p data-start=\"2792\" data-end=\"2859\"><strong data-start=\"2792\" data-end=\"2810\">\u015eirket \u00dcnvan\u0131:<\/strong> Severa Bask\u0131 Teknolojileri San. Tic. Ltd. \u015eti.<\/p><\/li><li data-start=\"2860\" data-end=\"2943\"><p data-start=\"2862\" data-end=\"2943\"><strong data-start=\"2862\" data-end=\"2872\">Adres:<\/strong> Esentepe Mah. Kelebek Sk. No:2\/A D:182 Marmarakule Kartal \/ \u0130stanbul<\/p><\/li><li data-start=\"2944\" data-end=\"2975\"><p data-start=\"2946\" data-end=\"2975\"><strong data-start=\"2946\" data-end=\"2958\">Telefon:<\/strong> 0531 386 94 96<\/p><\/li><li data-start=\"2976\" data-end=\"3016\"><p data-start=\"2978\" data-end=\"3016\"><strong data-start=\"2978\" data-end=\"2990\">E-posta:<\/strong> <a data-start=\"2991\" data-end=\"3014\" class=\"decorated-link cursor-pointer\" rel=\"noopener\">iletisim@severatech.com<\/a><\/p><\/li><\/ul><\/h2>\t\t\t\t\t\t\t\t<\/div>\n\t\t\t\t\t<\/div>\n\t\t\t\t<\/div>\n\t\t\t\t<\/div>\n\t\t","protected":false},"excerpt":{"rendered":"<p>\u00c7EREZ (COOKIE) POL\u0130T\u0130KASI Son G\u00fcncelleme: 23.02.2026 Severa Bask\u0131 Teknolojileri San. Tic. Ltd. \u015eti. (bundan sonra \u201c\u015eirket\u201d olarak an\u0131lacakt\u0131r), www.severatech.com web sitesini ziyaret eden kullan\u0131c\u0131lar\u0131n deneyimini geli\u015ftirmek, web sitesinin g\u00fcvenli\u011fini sa\u011flamak ve performans\u0131n\u0131 analiz etmek amac\u0131yla \u00e7erezler kullanmaktad\u0131r. Bu \u00c7erez Politikas\u0131; kullan\u0131lan \u00e7erez t\u00fcrlerini, kullan\u0131m ama\u00e7lar\u0131n\u0131 ve tercihlerinizi nas\u0131l y\u00f6netebilece\u011finizi a\u00e7\u0131klamak amac\u0131yla haz\u0131rlanm\u0131\u015ft\u0131r. 1. \u00c7erez Nedir?&hellip;<\/p>","protected":false},"author":1,"featured_media":0,"parent":0,"menu_order":75,"comment_status":"closed","ping_status":"closed","template":"","meta":{"_joinchat":[],"footnotes":""},"class_list":["post-8787","page","type-page","status-publish","hentry"],"_links":{"self":[{"href":"https:\/\/severatech.com\/en\/wp-json\/wp\/v2\/pages\/8787","targetHints":{"allow":["GET"]}}],"collection":[{"href":"https:\/\/severatech.com\/en\/wp-json\/wp\/v2\/pages"}],"about":[{"href":"https:\/\/severatech.com\/en\/wp-json\/wp\/v2\/types\/page"}],"author":[{"embeddable":true,"href":"https:\/\/severatech.com\/en\/wp-json\/wp\/v2\/users\/1"}],"replies":[{"embeddable":true,"href":"https:\/\/severatech.com\/en\/wp-json\/wp\/v2\/comments?post=8787"}],"version-history":[{"count":4,"href":"https:\/\/severatech.com\/en\/wp-json\/wp\/v2\/pages\/8787\/revisions"}],"predecessor-version":[{"id":40995,"href":"https:\/\/severatech.com\/en\/wp-json\/wp\/v2\/pages\/8787\/revisions\/40995"}],"wp:attachment":[{"href":"https:\/\/severatech.com\/en\/wp-json\/wp\/v2\/media?parent=8787"}],"curies":[{"name":"wp","href":"https:\/\/api.w.org\/{rel}","templated":true}]}}