{"id":37351,"date":"2025-01-21T12:15:57","date_gmt":"2025-01-21T12:15:57","guid":{"rendered":"https:\/\/severatech.com\/our-services\/service03\/"},"modified":"2026-02-23T16:24:17","modified_gmt":"2026-02-23T16:24:17","slug":"grafik-hizmetimiz","status":"publish","type":"page","link":"https:\/\/severatech.com\/en\/cozumlerimiz\/grafik-hizmetimiz\/","title":{"rendered":"Product Selection &amp; Graphics"},"content":{"rendered":"<div data-elementor-type=\"wp-page\" data-elementor-id=\"37351\" class=\"elementor elementor-37351\" data-elementor-post-type=\"page\">\n\t\t\t\t<div class=\"elementor-element elementor-element-c16bb03 e-con-full e-flex e-con e-parent\" data-id=\"c16bb03\" data-element_type=\"container\">\n\t\t<div class=\"elementor-element elementor-element-f5ec09c e-flex e-con-boxed e-con e-child\" data-id=\"f5ec09c\" data-element_type=\"container\">\n\t\t\t\t\t<div class=\"e-con-inner\">\n\t\t<div class=\"elementor-element elementor-element-d546d7c e-con-full e-flex e-con e-child\" data-id=\"d546d7c\" data-element_type=\"container\">\n\t\t\t\t<div class=\"elementor-element elementor-element-614e608 content-align-right the7-hover-visibility-disabled preserve-img-ratio-cover transform-overlay-yes exceeding-frame-yes elementor-widget elementor-widget-the7-image-widget\" data-id=\"614e608\" data-element_type=\"widget\" data-settings=\"{&quot;hover_visibility&quot;:&quot;disabled&quot;}\" data-widget_type=\"the7-image-widget.default\">\n\t\t\t\t<div class=\"elementor-widget-container\">\n\t\t\t\t\t<div class=\"the7-image-container\"><div class=\"the7-image-wrapper the7-elementor-widget the7-transform-container\"><div class=\"post-thumbnail-rollover layzr-bg img-css-resize-wrapper\"><img fetchpriority=\"high\" decoding=\"async\" width=\"1984\" height=\"2112\" src=\"data:image\/svg+xml,%3Csvg%20xmlns%3D&#039;http%3A%2F%2Fwww.w3.org%2F2000%2Fsvg&#039;%20viewBox%3D&#039;0%200%201984%202112&#039;%2F%3E\" class=\"attachment-full size-full preload-me aspect lazy lazy-load\" alt=\"\" sizes=\"(max-width: 1984px) 100vw, 1984px\" style=\"--ratio: 1984 \/ 2112;\" data-src=\"https:\/\/severatech.com\/wp-content\/uploads\/2026\/02\/Iletisim-Etiket.png\" loading=\"eager\" data-srcset=\"https:\/\/severatech.com\/wp-content\/uploads\/2026\/02\/Iletisim-Etiket.png 1984w, https:\/\/severatech.com\/wp-content\/uploads\/2026\/02\/Iletisim-Etiket-282x300.png 282w, https:\/\/severatech.com\/wp-content\/uploads\/2026\/02\/Iletisim-Etiket-962x1024.png 962w, https:\/\/severatech.com\/wp-content\/uploads\/2026\/02\/Iletisim-Etiket-768x818.png 768w, https:\/\/severatech.com\/wp-content\/uploads\/2026\/02\/Iletisim-Etiket-1443x1536.png 1443w, https:\/\/severatech.com\/wp-content\/uploads\/2026\/02\/Iletisim-Etiket-1924x2048.png 1924w\" title=\"\"><\/div><\/div><\/div>\t\t\t\t<\/div>\n\t\t\t\t<\/div>\n\t\t\t\t<\/div>\n\t\t<div class=\"elementor-element elementor-element-c8792cf e-con-full e-flex e-con e-child\" data-id=\"c8792cf\" data-element_type=\"container\">\n\t\t\t\t<div class=\"elementor-element elementor-element-fecee6a elementor-widget elementor-widget-the7-heading\" data-id=\"fecee6a\" data-element_type=\"widget\" data-widget_type=\"the7-heading.default\">\n\t\t\t\t<div class=\"elementor-widget-container\">\n\t\t\t\t\t<h2 class=\"the7-heading-title elementor-size-default\">PRODUCT SELECTION<\/h2>\t\t\t\t<\/div>\n\t\t\t\t<\/div>\n\t\t\t\t<div class=\"elementor-element elementor-element-4065bee elementor-widget-tablet__width-inherit elementor-widget elementor-widget-the7-heading\" data-id=\"4065bee\" data-element_type=\"widget\" data-widget_type=\"the7-heading.default\">\n\t\t\t\t<div class=\"elementor-widget-container\">\n\t\t\t\t\t<div class=\"the7-heading-title elementor-size-default\">The right material, the right adhesive, the right result.<\/div>\t\t\t\t<\/div>\n\t\t\t\t<\/div>\n\t\t\t\t<div class=\"elementor-element elementor-element-fbfc208 elementor-widget-tablet__width-inherit elementor-widget elementor-widget-text-editor\" data-id=\"fbfc208\" data-element_type=\"widget\" data-widget_type=\"text-editor.default\">\n\t\t\t\t\t\t\t\t\t<p>We clarify the material and adhesive selection together based on your application and surface type. We recommend the most suitable alternative by considering durability, readability, and application conditions. This ensures the label delivers stable performance in the field.<\/p>\t\t\t\t\t\t\t\t<\/div>\n\t\t\t\t<div class=\"elementor-element elementor-element-f2f56a9 elementor-icon-list--layout-traditional elementor-list-item-link-full_width elementor-widget elementor-widget-icon-list\" data-id=\"f2f56a9\" data-element_type=\"widget\" data-widget_type=\"icon-list.default\">\n\t\t\t\t\t\t\t<ul class=\"elementor-icon-list-items\">\n\t\t\t\t\t\t\t<li class=\"elementor-icon-list-item\">\n\t\t\t\t\t\t\t\t\t\t\t<span class=\"elementor-icon-list-icon\">\n\t\t\t\t\t\t\t<svg xmlns=\"http:\/\/www.w3.org\/2000\/svg\" width=\"56\" height=\"56\" fill=\"#000000\" viewbox=\"0 0 256 256\"><path d=\"M232.49,80.49l-128,128a12,12,0,0,1-17,0l-56-56a12,12,0,1,1,17-17L96,183,215.51,63.51a12,12,0,0,1,17,17Z\"><\/path><\/svg>\t\t\t\t\t\t<\/span>\n\t\t\t\t\t\t\t\t\t\t<span class=\"elementor-icon-list-text\">Selection based on surface and environmental conditions.<\/span>\n\t\t\t\t\t\t\t\t\t<\/li>\n\t\t\t\t\t\t\t\t<li class=\"elementor-icon-list-item\">\n\t\t\t\t\t\t\t\t\t\t\t<span class=\"elementor-icon-list-icon\">\n\t\t\t\t\t\t\t<svg xmlns=\"http:\/\/www.w3.org\/2000\/svg\" width=\"56\" height=\"56\" fill=\"#000000\" viewbox=\"0 0 256 256\"><path d=\"M232.49,80.49l-128,128a12,12,0,0,1-17,0l-56-56a12,12,0,1,1,17-17L96,183,215.51,63.51a12,12,0,0,1,17,17Z\"><\/path><\/svg>\t\t\t\t\t\t<\/span>\n\t\t\t\t\t\t\t\t\t\t<span class=\"elementor-icon-list-text\">Durability and service life target.<\/span>\n\t\t\t\t\t\t\t\t\t<\/li>\n\t\t\t\t\t\t\t\t<li class=\"elementor-icon-list-item\">\n\t\t\t\t\t\t\t\t\t\t\t<span class=\"elementor-icon-list-icon\">\n\t\t\t\t\t\t\t<svg xmlns=\"http:\/\/www.w3.org\/2000\/svg\" width=\"56\" height=\"56\" fill=\"#000000\" viewbox=\"0 0 256 256\"><path d=\"M232.49,80.49l-128,128a12,12,0,0,1-17,0l-56-56a12,12,0,1,1,17-17L96,183,215.51,63.51a12,12,0,0,1,17,17Z\"><\/path><\/svg>\t\t\t\t\t\t<\/span>\n\t\t\t\t\t\t\t\t\t\t<span class=\"elementor-icon-list-text\">Barcode readability and application compatibility.<\/span>\n\t\t\t\t\t\t\t\t\t<\/li>\n\t\t\t\t\t\t<\/ul>\n\t\t\t\t\t\t<\/div>\n\t\t\t\t<\/div>\n\t\t\t\t\t<\/div>\n\t\t\t\t<\/div>\n\t\t\t\t<div class=\"elementor-element elementor-element-b8e7c56 elementor-widget elementor-widget-spacer\" data-id=\"b8e7c56\" data-element_type=\"widget\" data-widget_type=\"spacer.default\">\n\t\t\t\t\t\t\t<div class=\"elementor-spacer\">\n\t\t\t<div class=\"elementor-spacer-inner\"><\/div>\n\t\t<\/div>\n\t\t\t\t\t\t<\/div>\n\t\t\t\t<\/div>\n\t\t<div class=\"elementor-element elementor-element-1ec6bef e-con-full e-flex e-con e-parent\" data-id=\"1ec6bef\" data-element_type=\"container\" data-settings=\"{&quot;background_background&quot;:&quot;classic&quot;}\">\n\t\t<div class=\"elementor-element elementor-element-000fc78 e-flex e-con-boxed e-con e-child\" data-id=\"000fc78\" data-element_type=\"container\">\n\t\t\t\t\t<div class=\"e-con-inner\">\n\t\t<div class=\"elementor-element elementor-element-242c5a7 e-flex e-con-boxed e-con e-child\" data-id=\"242c5a7\" data-element_type=\"container\">\n\t\t\t\t\t<div class=\"e-con-inner\">\n\t\t\t\t<div class=\"elementor-element elementor-element-c9602fd elementor-widget elementor-widget-the7-heading\" data-id=\"c9602fd\" data-element_type=\"widget\" data-widget_type=\"the7-heading.default\">\n\t\t\t\t<div class=\"elementor-widget-container\">\n\t\t\t\t\t<h2 class=\"the7-heading-title elementor-size-default\">GRAPHIC SERVICES<\/h2>\t\t\t\t<\/div>\n\t\t\t\t<\/div>\n\t\t\t\t<div class=\"elementor-element elementor-element-c091445 elementor-widget elementor-widget-the7-heading\" data-id=\"c091445\" data-element_type=\"widget\" data-widget_type=\"the7-heading.default\">\n\t\t\t\t<div class=\"elementor-widget-container\">\n\t\t\t\t\t<div class=\"the7-heading-title elementor-size-default\">Print-ready, clear design.<\/div>\t\t\t\t<\/div>\n\t\t\t\t<\/div>\n\t\t\t\t<div class=\"elementor-element elementor-element-723232f elementor-widget-tablet__width-inherit elementor-widget__width-initial elementor-widget elementor-widget-text-editor\" data-id=\"723232f\" data-element_type=\"widget\" data-widget_type=\"text-editor.default\">\n\t\t\t\t\t\t\t\t\t<p>We check your files to ensure they are suitable for printing and die-cutting, and make the necessary adjustments. We deliver them ready for production, based on readability, layout, and technical specifications.<\/p>\t\t\t\t\t\t\t\t<\/div>\n\t\t\t\t\t<\/div>\n\t\t\t\t<\/div>\n\t\t<div class=\"elementor-element elementor-element-26e28b2 e-grid e-con-full e-con e-child\" data-id=\"26e28b2\" data-element_type=\"container\">\n\t\t<div class=\"elementor-element elementor-element-5c75541 e-con-full e-flex e-con e-child\" data-id=\"5c75541\" data-element_type=\"container\">\n\t\t\t\t<div class=\"elementor-element elementor-element-1e88b2c elementor-widget__width-initial the7-hover-visibility-hover content-align-left preserve-img-ratio-cover transform-overlay-yes exceeding-frame-yes elementor-widget elementor-widget-the7-image-widget\" data-id=\"1e88b2c\" data-element_type=\"widget\" data-settings=\"{&quot;hover_visibility&quot;:&quot;hover&quot;}\" data-widget_type=\"the7-image-widget.default\">\n\t\t\t\t<div class=\"elementor-widget-container\">\n\t\t\t\t\t<div class=\"the7-image-container\"><div class=\"the7-image-wrapper the7-elementor-widget the7-transform-container\"><div class=\"post-thumbnail-rollover img-css-resize-wrapper\"><img decoding=\"async\" width=\"768\" height=\"768\" src=\"https:\/\/severatech.com\/wp-content\/uploads\/2026\/02\/Dosya-Kontrolu-1-768x768.png\" class=\"attachment-medium_large size-medium_large preload-me aspect\" alt=\"\" srcset=\"https:\/\/severatech.com\/wp-content\/uploads\/2026\/02\/Dosya-Kontrolu-1-768x768.png 768w, https:\/\/severatech.com\/wp-content\/uploads\/2026\/02\/Dosya-Kontrolu-1-300x300.png 300w, https:\/\/severatech.com\/wp-content\/uploads\/2026\/02\/Dosya-Kontrolu-1-150x150.png 150w, https:\/\/severatech.com\/wp-content\/uploads\/2026\/02\/Dosya-Kontrolu-1.png 1024w\" sizes=\"(max-width: 768px) 100vw, 768px\" style=\"--ratio: 768 \/ 768;\" title=\"\"><\/div><\/div><\/div>\t\t\t\t<\/div>\n\t\t\t\t<\/div>\n\t\t<div class=\"elementor-element elementor-element-39acaef e-con-full e-flex e-con e-child\" data-id=\"39acaef\" data-element_type=\"container\">\n\t\t\t\t<div class=\"elementor-element elementor-element-bae14b3 elementor-widget elementor-widget-the7-heading\" data-id=\"bae14b3\" data-element_type=\"widget\" data-widget_type=\"the7-heading.default\">\n\t\t\t\t<div class=\"elementor-widget-container\">\n\t\t\t\t\t<h3 class=\"the7-heading-title elementor-size-default\">File Check<\/h3>\t\t\t\t<\/div>\n\t\t\t\t<\/div>\n\t\t\t\t<div class=\"elementor-element elementor-element-5de771b elementor-widget elementor-widget-text-editor\" data-id=\"5de771b\" data-element_type=\"widget\" data-widget_type=\"text-editor.default\">\n\t\t\t\t\t\t\t\t\t<ul><li data-start=\"313\" data-end=\"410\"><p data-start=\"316\" data-end=\"410\">We technically review your file before printing and help prevent potential errors.<\/p><\/li><\/ul>\t\t\t\t\t\t\t\t<\/div>\n\t\t\t\t<\/div>\n\t\t\t\t<\/div>\n\t\t<div class=\"elementor-element elementor-element-956a32e e-con-full e-flex e-con e-child\" data-id=\"956a32e\" data-element_type=\"container\">\n\t\t\t\t<div class=\"elementor-element elementor-element-344d81f elementor-widget__width-initial the7-hover-visibility-hover content-align-left preserve-img-ratio-cover transform-overlay-yes exceeding-frame-yes elementor-widget elementor-widget-the7-image-widget\" data-id=\"344d81f\" data-element_type=\"widget\" data-settings=\"{&quot;hover_visibility&quot;:&quot;hover&quot;}\" data-widget_type=\"the7-image-widget.default\">\n\t\t\t\t<div class=\"elementor-widget-container\">\n\t\t\t\t\t<div class=\"the7-image-container\"><div class=\"the7-image-wrapper the7-elementor-widget the7-transform-container\"><div class=\"post-thumbnail-rollover img-css-resize-wrapper\"><img decoding=\"async\" width=\"768\" height=\"768\" src=\"https:\/\/severatech.com\/wp-content\/uploads\/2026\/02\/Yerlesim-ve-Olculendirme-768x768.png\" class=\"attachment-medium_large size-medium_large preload-me aspect\" alt=\"\" srcset=\"https:\/\/severatech.com\/wp-content\/uploads\/2026\/02\/Yerlesim-ve-Olculendirme-768x768.png 768w, https:\/\/severatech.com\/wp-content\/uploads\/2026\/02\/Yerlesim-ve-Olculendirme-300x300.png 300w, https:\/\/severatech.com\/wp-content\/uploads\/2026\/02\/Yerlesim-ve-Olculendirme-150x150.png 150w, https:\/\/severatech.com\/wp-content\/uploads\/2026\/02\/Yerlesim-ve-Olculendirme.png 1024w\" sizes=\"(max-width: 768px) 100vw, 768px\" style=\"--ratio: 768 \/ 768;\" title=\"\"><\/div><\/div><\/div>\t\t\t\t<\/div>\n\t\t\t\t<\/div>\n\t\t<div class=\"elementor-element elementor-element-92ceee6 e-con-full e-flex e-con e-child\" data-id=\"92ceee6\" data-element_type=\"container\">\n\t\t\t\t<div class=\"elementor-element elementor-element-c14574c elementor-widget elementor-widget-the7-heading\" data-id=\"c14574c\" data-element_type=\"widget\" data-widget_type=\"the7-heading.default\">\n\t\t\t\t<div class=\"elementor-widget-container\">\n\t\t\t\t\t<h3 class=\"the7-heading-title elementor-size-default\">Layout &amp; Sizing<\/h3>\t\t\t\t<\/div>\n\t\t\t\t<\/div>\n\t\t\t\t<div class=\"elementor-element elementor-element-e31acf6 elementor-widget elementor-widget-text-editor\" data-id=\"e31acf6\" data-element_type=\"widget\" data-widget_type=\"text-editor.default\">\n\t\t\t\t\t\t\t\t\t<ul><li data-start=\"412\" data-end=\"516\"><p data-start=\"415\" data-end=\"516\">We adjust the design according to slitting tolerances and layout to make it suitable for production.<\/p><\/li><\/ul>\t\t\t\t\t\t\t\t<\/div>\n\t\t\t\t<\/div>\n\t\t\t\t<\/div>\n\t\t<div class=\"elementor-element elementor-element-bb20e93 e-con-full e-flex e-con e-child\" data-id=\"bb20e93\" data-element_type=\"container\">\n\t\t\t\t<div class=\"elementor-element elementor-element-2ae6cbf elementor-widget__width-initial the7-hover-visibility-hover content-align-left preserve-img-ratio-cover transform-overlay-yes exceeding-frame-yes elementor-widget elementor-widget-the7-image-widget\" data-id=\"2ae6cbf\" data-element_type=\"widget\" data-settings=\"{&quot;hover_visibility&quot;:&quot;hover&quot;}\" data-widget_type=\"the7-image-widget.default\">\n\t\t\t\t<div class=\"elementor-widget-container\">\n\t\t\t\t\t<div class=\"the7-image-container\"><div class=\"the7-image-wrapper the7-elementor-widget the7-transform-container\"><div class=\"post-thumbnail-rollover img-css-resize-wrapper\"><img decoding=\"async\" width=\"768\" height=\"768\" src=\"https:\/\/severatech.com\/wp-content\/uploads\/2026\/02\/Barkod-ve-Metin-Duzeni-768x768.png\" class=\"attachment-medium_large size-medium_large preload-me aspect\" alt=\"\" srcset=\"https:\/\/severatech.com\/wp-content\/uploads\/2026\/02\/Barkod-ve-Metin-Duzeni-768x768.png 768w, https:\/\/severatech.com\/wp-content\/uploads\/2026\/02\/Barkod-ve-Metin-Duzeni-300x300.png 300w, https:\/\/severatech.com\/wp-content\/uploads\/2026\/02\/Barkod-ve-Metin-Duzeni-150x150.png 150w, https:\/\/severatech.com\/wp-content\/uploads\/2026\/02\/Barkod-ve-Metin-Duzeni.png 1024w\" sizes=\"(max-width: 768px) 100vw, 768px\" style=\"--ratio: 768 \/ 768;\" title=\"\"><\/div><\/div><\/div>\t\t\t\t<\/div>\n\t\t\t\t<\/div>\n\t\t<div class=\"elementor-element elementor-element-1282af1 e-con-full e-flex e-con e-child\" data-id=\"1282af1\" data-element_type=\"container\">\n\t\t\t\t<div class=\"elementor-element elementor-element-05627e7 elementor-widget elementor-widget-the7-heading\" data-id=\"05627e7\" data-element_type=\"widget\" data-widget_type=\"the7-heading.default\">\n\t\t\t\t<div class=\"elementor-widget-container\">\n\t\t\t\t\t<h3 class=\"the7-heading-title elementor-size-default\">Barcode &amp; Text Arrangement<\/h3>\t\t\t\t<\/div>\n\t\t\t\t<\/div>\n\t\t\t\t<div class=\"elementor-element elementor-element-c2daffa elementor-widget elementor-widget-text-editor\" data-id=\"c2daffa\" data-element_type=\"widget\" data-widget_type=\"text-editor.default\">\n\t\t\t\t\t\t\t\t\t<ul><li data-start=\"518\" data-end=\"616\"><p data-start=\"521\" data-end=\"616\">We structure barcode readability and text hierarchy in the most effective way.<\/p><\/li><\/ul>\t\t\t\t\t\t\t\t<\/div>\n\t\t\t\t<\/div>\n\t\t\t\t<\/div>\n\t\t<div class=\"elementor-element elementor-element-7f72517 e-con-full e-flex e-con e-child\" data-id=\"7f72517\" data-element_type=\"container\">\n\t\t\t\t<div class=\"elementor-element elementor-element-931fa85 elementor-widget__width-initial the7-hover-visibility-hover content-align-left preserve-img-ratio-cover transform-overlay-yes exceeding-frame-yes elementor-widget elementor-widget-the7-image-widget\" data-id=\"931fa85\" data-element_type=\"widget\" data-settings=\"{&quot;hover_visibility&quot;:&quot;hover&quot;}\" data-widget_type=\"the7-image-widget.default\">\n\t\t\t\t<div class=\"elementor-widget-container\">\n\t\t\t\t\t<div class=\"the7-image-container\"><div class=\"the7-image-wrapper the7-elementor-widget the7-transform-container\"><div class=\"post-thumbnail-rollover img-css-resize-wrapper\"><img loading=\"lazy\" decoding=\"async\" width=\"768\" height=\"768\" src=\"https:\/\/severatech.com\/wp-content\/uploads\/2026\/02\/Renk-ve-Baski-Hazirligi-768x768.png\" class=\"attachment-medium_large size-medium_large preload-me aspect\" alt=\"\" srcset=\"https:\/\/severatech.com\/wp-content\/uploads\/2026\/02\/Renk-ve-Baski-Hazirligi-768x768.png 768w, https:\/\/severatech.com\/wp-content\/uploads\/2026\/02\/Renk-ve-Baski-Hazirligi-300x300.png 300w, https:\/\/severatech.com\/wp-content\/uploads\/2026\/02\/Renk-ve-Baski-Hazirligi-150x150.png 150w, https:\/\/severatech.com\/wp-content\/uploads\/2026\/02\/Renk-ve-Baski-Hazirligi.png 1024w\" sizes=\"(max-width: 768px) 100vw, 768px\" style=\"--ratio: 768 \/ 768;\" title=\"\"><\/div><\/div><\/div>\t\t\t\t<\/div>\n\t\t\t\t<\/div>\n\t\t<div class=\"elementor-element elementor-element-a9b21e8 e-con-fit e-flex e-con e-child\" data-id=\"a9b21e8\" data-element_type=\"container\">\n\t\t\t\t<div class=\"elementor-element elementor-element-b60dcb1 elementor-widget elementor-widget-the7-heading\" data-id=\"b60dcb1\" data-element_type=\"widget\" data-widget_type=\"the7-heading.default\">\n\t\t\t\t<div class=\"elementor-widget-container\">\n\t\t\t\t\t<h3 class=\"the7-heading-title elementor-size-default\">Color &amp; Print Preparation<\/h3>\t\t\t\t<\/div>\n\t\t\t\t<\/div>\n\t\t\t\t<div class=\"elementor-element elementor-element-0f614a2 elementor-widget elementor-widget-text-editor\" data-id=\"0f614a2\" data-element_type=\"widget\" data-widget_type=\"text-editor.default\">\n\t\t\t\t\t\t\t\t\t<ul><li data-start=\"518\" data-end=\"616\"><p data-pm-slice=\"1 1 []\">We adjust color separation and print settings in line with the production process.<\/p><\/li><\/ul>\t\t\t\t\t\t\t\t<\/div>\n\t\t\t\t<\/div>\n\t\t\t\t<\/div>\n\t\t\t\t<\/div>\n\t\t\t\t\t<\/div>\n\t\t\t\t<\/div>\n\t\t\t\t<\/div>\n\t\t<div class=\"elementor-element elementor-element-6ef0dca e-con-full e-flex e-con e-child\" data-id=\"6ef0dca\" data-element_type=\"container\" data-settings=\"{&quot;background_background&quot;:&quot;classic&quot;}\">\n\t\t<div class=\"elementor-element elementor-element-628de81 e-flex e-con-boxed e-con e-child\" data-id=\"628de81\" data-element_type=\"container\" data-settings=\"{&quot;background_background&quot;:&quot;gradient&quot;}\">\n\t\t\t\t\t<div class=\"e-con-inner\">\n\t\t\t\t<div class=\"elementor-element elementor-element-941e7f3 elementor-widget-tablet__width-inherit elementor-widget elementor-widget-the7-heading\" data-id=\"941e7f3\" data-element_type=\"widget\" data-widget_type=\"the7-heading.default\">\n\t\t\t\t<div class=\"elementor-widget-container\">\n\t\t\t\t\t<div class=\"the7-heading-title elementor-size-default\">Do you have any questions?<\/div>\t\t\t\t<\/div>\n\t\t\t\t<\/div>\n\t\t\t\t<div class=\"elementor-element elementor-element-0dfc53f elementor-widget-tablet__width-inherit elementor-widget elementor-widget-the7-heading\" data-id=\"0dfc53f\" data-element_type=\"widget\" data-widget_type=\"the7-heading.default\">\n\t\t\t\t<div class=\"elementor-widget-container\">\n\t\t\t\t\t<div class=\"the7-heading-title elementor-size-default\">Share your request with us, and we will get back to you shortly.<\/div>\t\t\t\t<\/div>\n\t\t\t\t<\/div>\n\t\t<div class=\"elementor-element elementor-element-3cd7154 e-flex e-con-boxed e-con e-child\" data-id=\"3cd7154\" data-element_type=\"container\">\n\t\t\t\t\t<div class=\"e-con-inner\">\n\t\t\t\t<div class=\"elementor-element elementor-element-d38abfc elementor-align-justify elementor-widget__width-inherit elementor-widget elementor-widget-the7_button_widget\" data-id=\"d38abfc\" data-element_type=\"widget\" data-widget_type=\"the7_button_widget.default\">\n\t\t\t\t<div class=\"elementor-widget-container\">\n\t\t\t\t\t<div class=\"elementor-button-wrapper\"><a href=\"https:\/\/severatech.com\/en\/iletisim\/\" class=\"box-button elementor-button elementor-size-xl\">Contact<\/a><\/div>\t\t\t\t<\/div>\n\t\t\t\t<\/div>\n\t\t\t\t<div class=\"elementor-element elementor-element-73929b3 elementor-align-justify elementor-widget__width-inherit elementor-widget elementor-widget-the7_button_widget\" data-id=\"73929b3\" data-element_type=\"widget\" data-widget_type=\"the7_button_widget.default\">\n\t\t\t\t<div class=\"elementor-widget-container\">\n\t\t\t\t\t<div class=\"elementor-button-wrapper\"><a href=\"https:\/\/wa.me\/905313869496\" class=\"box-button elementor-button elementor-size-xl\" target=\"_blank\" rel=\"noopener\">WhatsApp<svg aria-hidden=\"true\" class=\"elementor-button-icon e-font-icon-svg e-fab-whatsapp\" viewbox=\"0 0 448 512\" xmlns=\"http:\/\/www.w3.org\/2000\/svg\"><path d=\"M380.9 97.1C339 55.1 283.2 32 223.9 32c-122.4 0-222 99.6-222 222 0 39.1 10.2 77.3 29.6 111L0 480l117.7-30.9c32.4 17.7 68.9 27 106.1 27h.1c122.3 0 224.1-99.6 224.1-222 0-59.3-25.2-115-67.1-157zm-157 341.6c-33.2 0-65.7-8.9-94-25.7l-6.7-4-69.8 18.3L72 359.2l-4.4-7c-18.5-29.4-28.2-63.3-28.2-98.2 0-101.7 82.8-184.5 184.6-184.5 49.3 0 95.6 19.2 130.4 54.1 34.8 34.9 56.2 81.2 56.1 130.5 0 101.8-84.9 184.6-186.6 184.6zm101.2-138.2c-5.5-2.8-32.8-16.2-37.9-18-5.1-1.9-8.8-2.8-12.5 2.8-3.7 5.6-14.3 18-17.6 21.8-3.2 3.7-6.5 4.2-12 1.4-32.6-16.3-54-29.1-75.5-66-5.7-9.8 5.7-9.1 16.3-30.3 1.8-3.7.9-6.9-.5-9.7-1.4-2.8-12.5-30.1-17.1-41.2-4.5-10.8-9.1-9.3-12.5-9.5-3.2-.2-6.9-.2-10.6-.2-3.7 0-9.7 1.4-14.8 6.9-5.1 5.6-19.4 19-19.4 46.3 0 27.3 19.9 53.7 22.6 57.4 2.8 3.7 39.1 59.7 94.8 83.8 35.2 15.2 49 16.5 66.6 13.9 10.7-1.6 32.8-13.4 37.4-26.4 4.6-13 4.6-24.1 3.2-26.4-1.3-2.5-5-3.9-10.5-6.6z\"><\/path><\/svg><\/a><\/div>\t\t\t\t<\/div>\n\t\t\t\t<\/div>\n\t\t\t\t\t<\/div>\n\t\t\t\t<\/div>\n\t\t\t\t\t<\/div>\n\t\t\t\t<\/div>\n\t\t\t\t<\/div>\n\t\t\t\t<\/div>","protected":false},"excerpt":{"rendered":"<p>\u00dcR\u00dcN SE\u00c7\u0130M\u0130 Do\u011fru malzeme, do\u011fru yap\u0131\u015fkan, do\u011fru sonu\u00e7. Kullan\u0131m alan\u0131n\u0131za ve y\u00fczey tipine g\u00f6re malzeme ile yap\u0131\u015fkan se\u00e7imini birlikte netle\u015ftiririz. Dayan\u0131m, okunurluk ve uygulama \u015fartlar\u0131n\u0131 dikkate alarak en do\u011fru alternatifi \u00f6neririz. B\u00f6ylece etiket, sahada stabil performans verir. Y\u00fczey ve ortam ko\u015fuluna g\u00f6re se\u00e7im Dayan\u0131m ve kullan\u0131m \u00f6mr\u00fc hedefi Barkod okunurlu\u011fu ve uygulama uyumu GRAF\u0130K H\u0130ZMET\u0130&hellip;<\/p>","protected":false},"author":1,"featured_media":0,"parent":16328,"menu_order":30,"comment_status":"closed","ping_status":"closed","template":"","meta":{"_joinchat":[],"footnotes":""},"class_list":["post-37351","page","type-page","status-publish","hentry"],"_links":{"self":[{"href":"https:\/\/severatech.com\/en\/wp-json\/wp\/v2\/pages\/37351","targetHints":{"allow":["GET"]}}],"collection":[{"href":"https:\/\/severatech.com\/en\/wp-json\/wp\/v2\/pages"}],"about":[{"href":"https:\/\/severatech.com\/en\/wp-json\/wp\/v2\/types\/page"}],"author":[{"embeddable":true,"href":"https:\/\/severatech.com\/en\/wp-json\/wp\/v2\/users\/1"}],"replies":[{"embeddable":true,"href":"https:\/\/severatech.com\/en\/wp-json\/wp\/v2\/comments?post=37351"}],"version-history":[{"count":25,"href":"https:\/\/severatech.com\/en\/wp-json\/wp\/v2\/pages\/37351\/revisions"}],"predecessor-version":[{"id":40916,"href":"https:\/\/severatech.com\/en\/wp-json\/wp\/v2\/pages\/37351\/revisions\/40916"}],"up":[{"embeddable":true,"href":"https:\/\/severatech.com\/en\/wp-json\/wp\/v2\/pages\/16328"}],"wp:attachment":[{"href":"https:\/\/severatech.com\/en\/wp-json\/wp\/v2\/media?parent=37351"}],"curies":[{"name":"wp","href":"https:\/\/api.w.org\/{rel}","templated":true}]}}